{"id":333,"date":"2024-11-21T11:10:39","date_gmt":"2024-11-21T11:10:39","guid":{"rendered":"https:\/\/quomowines.com\/?page_id=333"},"modified":"2024-11-27T15:19:48","modified_gmt":"2024-11-27T15:19:48","slug":"cookies-policy","status":"publish","type":"page","link":"https:\/\/quomowines.com\/fi\/cookies-policy\/","title":{"rendered":"Ev\u00e4stepolitiikka"},"content":{"rendered":"<div data-elementor-type=\"wp-page\" data-elementor-id=\"333\" class=\"elementor elementor-333\" data-elementor-post-type=\"page\">\n\t\t\t\t<div class=\"elementor-element elementor-element-6f68c91 e-flex e-con-boxed e-con e-parent\" data-id=\"6f68c91\" data-element_type=\"container\" data-settings=\"{&quot;background_background&quot;:&quot;classic&quot;}\">\n\t\t\t\t\t<div class=\"e-con-inner\">\n\t\t\t\t<div class=\"elementor-element elementor-element-ab69762 elementor-widget elementor-widget-text-editor\" data-id=\"ab69762\" data-element_type=\"widget\" data-widget_type=\"text-editor.default\">\n\t\t\t\t<div class=\"elementor-widget-container\">\n\t\t\t\t\t\t\t\t\t<p><strong>Ev\u00e4stek\u00e4yt\u00e4nt\u00f6<\/strong><\/p><p><strong>TIETOA Ev\u00e4steist\u00e4<\/strong><br \/>Tietoyhteiskunnan palveluista ja s\u00e4hk\u00f6isest\u00e4 kaupank\u00e4ynnist\u00e4 (LSSI) 11. hein\u00e4kuuta 2002 annetun lain 34\/2002 mukaisesti Euroopan parlamentin ja neuvoston 27. huhtikuuta 2016 annetun asetuksen (EU) 2016\/679 mukaisesti, Yleinen tietosuoja-asetus (GDPR) ja orgaaninen laki 3\/2018, 5.12.2018, tietosuojasta ja digitaalisen sis\u00e4ll\u00f6n takaamisesta Oikeudet (LOPDGDD), on pakollista hankkia k\u00e4ytt\u00e4j\u00e4n nimenomainen suostumus kaikilta poistettavia ev\u00e4steit\u00e4 k\u00e4ytt\u00e4vilt\u00e4 verkkosivuilta, ennen kuin k\u00e4ytt\u00e4j\u00e4 selaa niit\u00e4.<br \/>Data and Guarantee of Digital Rights (LOPDGDD), on pakollista hankkia kaikkien v\u00e4ltt\u00e4m\u00e4tt\u00f6mi\u00e4 ev\u00e4steit\u00e4 k\u00e4ytt\u00e4vien verkkosivustojen k\u00e4ytt\u00e4j\u00e4n nimenomainen suostumus ennen kuin k\u00e4ytt\u00e4j\u00e4 selaa niit\u00e4.<\/p><p><strong>MIT\u00c4 Ev\u00e4steet OVAT?<\/strong><br \/>Ev\u00e4steet ja muut vastaavat tekniikat, kuten paikalliset jaetut objektit, flash-ev\u00e4steet tai pikselit, ovat ty\u00f6kaluja, joita Web-palvelimet k\u00e4ytt\u00e4v\u00e4t tallentaakseen ja hakeakseen tietoja vierailijoistaan sek\u00e4 varmistaakseen sivuston asianmukaisen toiminnan. N\u00e4iden laitteiden avulla Web-palvelin muistaa joitain k\u00e4ytt\u00e4j\u00e4\u00e4 koskevia tietoja, kuten mieltymyksesi kyseisen palvelimen sivujen katseluun, nimesi ja salasanasi, sinua eniten kiinnostavat tuotteet jne.<\/p><p><strong>Ev\u00e4steet, JOIHIN S\u00c4\u00c4D\u00d6N SOVELTAMINEN, JA POIKKEUKSET<\/strong><br \/>EU-direktiivin mukaan k\u00e4ytt\u00e4j\u00e4n tietoista suostumusta edellytt\u00e4v\u00e4t ev\u00e4steet ovat analyyttisi\u00e4 ev\u00e4steit\u00e4 sek\u00e4 mainos- ja kumppaniev\u00e4steit\u00e4, lukuun ottamatta teknisi\u00e4 ja verkkosivuston toiminnan tai nimenomaisesti pyydettyjen palvelujen tarjoamisen kannalta v\u00e4ltt\u00e4m\u00e4tt\u00f6mi\u00e4 ev\u00e4steit\u00e4. k\u00e4ytt\u00e4j\u00e4n toimesta.<\/p><p><strong>Ev\u00e4steiden TYYPPI TARKOITUKSEN MUKAAN<\/strong><br \/>Tekniset ja toiminnalliset ev\u00e4steet: ovat ev\u00e4steit\u00e4, joiden avulla k\u00e4ytt\u00e4j\u00e4 voi selata verkkosivustoa, alustaa tai sovellusta ja k\u00e4ytt\u00e4\u00e4 erilaisia vaihtoehtoja tai olemassa olevia palveluita.<br \/>Analyysiev\u00e4steet: N\u00e4m\u00e4 ovat ev\u00e4steit\u00e4, joiden avulla niist\u00e4 vastuussa oleva osapuoli voi seurata ja analysoida niiden verkkosivustojen k\u00e4ytt\u00e4jien k\u00e4ytt\u00e4ytymist\u00e4, joihin ne on linkitetty. T\u00e4m\u00e4n tyyppisten ev\u00e4steiden avulla ker\u00e4ttyj\u00e4 tietoja k\u00e4ytet\u00e4\u00e4n verkkosivustojen, sovellusten tai alustojen toiminnan mittaamiseen ja n\u00e4iden sivustojen, sovellusten ja alustojen k\u00e4ytt\u00e4jien navigointiprofiilien kehitt\u00e4miseen, jotta voidaan tehd\u00e4 parannuksia, jotka perustuvat sivustojen analyysiin. palvelun k\u00e4ytt\u00e4jien tekemi\u00e4 k\u00e4ytt\u00f6tietoja.<br \/>Mainosev\u00e4steet: ovat niit\u00e4, joiden avulla voidaan hallita mahdollisimman tehokkaalla tavalla mainospaikkoja, jotka julkaisija on tarvittaessa lis\u00e4nnyt verkkosivustolle, sovellukseen tai alustalle, josta se tarjoaa pyydetty\u00e4 palvelua esimerkiksi muokattujen kriteerien mukaisesti. sis\u00e4lt\u00f6\u00e4 tai n\u00e4ytt\u00f6tiheytt\u00e4<br \/>mainoksia n\u00e4ytet\u00e4\u00e4n.<br \/>K\u00e4ytt\u00e4ytymiseen perustuvat mainosev\u00e4steet: n\u00e4m\u00e4 ker\u00e4\u00e4v\u00e4t tietoja k\u00e4ytt\u00e4j\u00e4n mieltymyksist\u00e4 ja henkil\u00f6kohtaisista valinnoista (uudelleenkohdistaminen), jotta julkaisijan verkkosivuille, sovellukseen tai alustalle mahdollisesti lis\u00e4\u00e4mi\u00e4 mainospaikkoja voidaan hallita mahdollisimman tehokkaasti. josta se tarjoaa pyydetyn palvelun.<br \/>Sosiaaliset ev\u00e4steet: ovat niit\u00e4, jotka sosiaalisen median alustat ovat asentaneet palveluihin, jotta voit jakaa sis\u00e4lt\u00f6\u00e4 yst\u00e4viesi ja verkostojesi kanssa. Sosiaalisen median alustoilla on mahdollisuus seurata verkkotoimintaasi Palveluiden ulkopuolella. T\u00e4m\u00e4 voi vaikuttaa sis\u00e4lt\u00f6\u00f6n ja viesteihin, jotka n\u00e4et muissa k\u00e4ytt\u00e4miss\u00e4si palveluissa.<br \/>Affiliate-ev\u00e4steet: mahdollistavat muilta sivustoilta tulevien k\u00e4yntien seurannan, joiden kanssa sivusto tekee kumppanisopimuksen (tyt\u00e4ryritykset).<br \/>Turvaev\u00e4steet: ne tallentavat salattuja tietoja est\u00e4\u00e4kseen tallennettuja tietoja altistumasta kolmansien osapuolten haitallisille hy\u00f6kk\u00e4yksille.<\/p><p><strong>OMISTUKSEN MUKAAN<\/strong><br \/>Omat ev\u00e4steet: ovat ev\u00e4steit\u00e4, jotka l\u00e4hetet\u00e4\u00e4n k\u00e4ytt\u00e4j\u00e4n p\u00e4\u00e4telaitteelle editorin itsens\u00e4 hallitsemalta tietokoneelta tai toimialueelta ja joista tarjotaan k\u00e4ytt\u00e4j\u00e4n pyyt\u00e4m\u00e4 palvelu.<br \/>Kolmannen osapuolen ev\u00e4steet: ovat niit\u00e4, jotka l\u00e4hetet\u00e4\u00e4n k\u00e4ytt\u00e4j\u00e4n p\u00e4\u00e4telaitteelle tietokoneelta tai toimialueelta, jota ei hallinnoi editori, vaan toinen taho, joka k\u00e4sittelee ev\u00e4steiden kautta saatuja tietoja.<\/p><p><strong>S\u00c4ILYTYSAJAN MUKAAN<\/strong><br \/>Istuntoev\u00e4steet: N\u00e4m\u00e4 ovat ev\u00e4stetyyppej\u00e4, jotka on suunniteltu ker\u00e4\u00e4m\u00e4\u00e4n ja tallentamaan tietoja k\u00e4ytt\u00e4j\u00e4n siirtyess\u00e4 verkkosivulle.<br \/>Pysyv\u00e4t ev\u00e4steet: N\u00e4m\u00e4 ovat ev\u00e4stetyyppej\u00e4, joissa tiedot s\u00e4ilyv\u00e4t p\u00e4\u00e4telaitteessa ja niit\u00e4 voidaan k\u00e4ytt\u00e4\u00e4 ja k\u00e4sitell\u00e4 ev\u00e4steest\u00e4 vastaavan henkil\u00f6n m\u00e4\u00e4rittelem\u00e4n ajanjakson, joka kest\u00e4\u00e4 muutamasta minuutista useisiin vuosiin.<\/p><p><strong>HENKIL\u00d6TIETOJEN K\u00c4SITTELY<\/strong><br \/><strong>GLOBAL WINE PARTNERS SL<\/strong>\u00a0 on rekister\u00f6idyn henkil\u00f6tietojen rekisterinpit\u00e4j\u00e4 ja ilmoittaa, ett\u00e4 n\u00e4it\u00e4 tietoja k\u00e4sitell\u00e4\u00e4n 27.4.2016 annetun asetuksen (EU) 2016\/679 (GDPR) s\u00e4\u00e4nn\u00f6sten mukaisesti, jolloin sinulle tarjotaan seuraava k\u00e4sittely tiedot:<br \/>K\u00e4sittelyn tarkoitukset: t\u00e4m\u00e4n verkkosivuston ev\u00e4steit\u00e4 k\u00e4sittelev\u00e4ss\u00e4 osiossa m\u00e4\u00e4ritetyll\u00e4 tavalla. K\u00e4sittelyn oikeutus: paitsi tapauksissa, joissa se on v\u00e4ltt\u00e4m\u00e4t\u00f6nt\u00e4 verkkoselailua varten, rekister\u00f6idyn suostumuksella (GDPR 6.1.a).<br \/>Tietojen s\u00e4ilytyskriteerit: verkkosivustolla k\u00e4ytett\u00e4vien ev\u00e4steiden osiossa m\u00e4\u00e4ritellyt.<br \/>Tietojen v\u00e4litt\u00e4minen: Tietoja ei luovuteta kolmansille osapuolille, paitsi kolmansien osapuolien omistamissa ev\u00e4steiss\u00e4 tai lain nojalla.<br \/>Asianomaisten oikeudet:<br \/>\u2013 Oikeus peruuttaa suostumus milloin tahansa.<br \/>Oikeus saada tietoja, oikaista, siirt\u00e4\u00e4 ja poistaa tietoja sek\u00e4 rajoittaa tai vastustaa niiden k\u00e4sittely\u00e4.<br \/>\u2013 Oikeus tehd\u00e4 valitus valvontaviranomaiselle (www.aepd.es), jos katsot, ett\u00e4 hoito ei ole voimassa olevien m\u00e4\u00e4r\u00e4ysten mukainen.<br \/>Yhteystiedot oikeuksien k\u00e4ytt\u00e4miseksi:<br \/>GLOBAL WINE PARTNERS SL Avinguda Diagonal 566, 08021 Barcelona S\u00e4hk\u00f6posti: gwp@globalwinepartners.com<\/p><p><strong>T\u00c4LL\u00c4 VERKKOSIVUSTOLLA K\u00c4YTETYT Ev\u00e4steet<\/strong><br \/>-JULKAISIJAN HALLINTAAT Ev\u00e4steet<br \/>Tekninen ja toimiva<br \/>Omistus: Global Wine Partners SL<br \/>Ev\u00e4ste: cookie_notice_accepted<br \/>Tarkoitus: Verkkosivun vaihtoehtojen ja palveluiden k\u00e4ytt\u00e4miseen tarvittava ev\u00e4ste.<br \/>M\u00e4\u00e4r\u00e4aika: kuukauden sis\u00e4ll\u00e4<br \/>-KOLMANSEN OSAPUOLEN Ev\u00e4steet<br \/>Kolmannen osapuolen palvelut eiv\u00e4t ole julkaisijan hallinnassa. Palveluntarjoajat voivat muuttaa k\u00e4ytt\u00f6ehtojaan, ev\u00e4steiden tarkoitusta ja k\u00e4ytt\u00f6\u00e4 jne. milloin tahansa.<br \/>T\u00e4m\u00e4n verkkosivuston ulkoiset palveluntarjoajat: Kolmansien osapuolien hallitsemia ev\u00e4steit\u00e4 ei asenneta<\/p><p><strong>Ev\u00e4steiden ASETUSPANEELI<\/strong><br \/>T\u00e4st\u00e4 paneelista voit m\u00e4\u00e4ritt\u00e4\u00e4 ev\u00e4steet, jotka verkkosivusto voi asentaa selaimeesi, lukuun ottamatta teknisi\u00e4 tai toiminnallisia ev\u00e4steit\u00e4, jotka ovat v\u00e4ltt\u00e4m\u00e4tt\u00f6mi\u00e4 navigointiin ja tarjottujen eri vaihtoehtojen tai palveluiden k\u00e4ytt\u00f6\u00f6n.<br \/>Ev\u00e4steet-paneeli<\/p><p><strong>MITEN HALLINNAN Ev\u00e4steit\u00e4 SELALAISESTA<\/strong><br \/>Poista ev\u00e4steet laitteesta:<br \/>Laitteessa jo olevat ev\u00e4steet voidaan poistaa poistamalla selainhistoria, jolloin ev\u00e4steet poistetaan kaikilta vierailluilta verkkosivustoilta. Jotkut tallennetuista tiedoista (esim. kirjautumistiedot tai verkkosivuston asetukset) voivat kuitenkin my\u00f6s kadota.<br \/>Hallinnoi sivustokohtaisia ev\u00e4steit\u00e4:<br \/>Jotta sivustokohtaisia ev\u00e4steit\u00e4 voitaisiin hallita tarkemmin, k\u00e4ytt\u00e4j\u00e4t<br \/>voivat s\u00e4\u00e4t\u00e4\u00e4 tietosuoja- ja ev\u00e4steasetuksiaan selaimessaan.<br \/>Ev\u00e4steiden est\u00e4minen:<br \/>Vaikka useimmat nykyaikaiset selaimet voidaan asettaa est\u00e4m\u00e4\u00e4n ev\u00e4steiden asentaminen laitteisiin, t\u00e4m\u00e4 saattaa edellytt\u00e4\u00e4 tiettyjen asetusten manuaalista s\u00e4\u00e4t\u00e4mist\u00e4 aina, kun sivustolla tai sivulla vieraillaan. Jotkin palvelut ja ominaisuudet eiv\u00e4t v\u00e4ltt\u00e4m\u00e4tt\u00e4 toimi kunnolla (esim. profiiliin kirjautuminen).<br \/><strong>Ev\u00e4steiden POISTAMINEN YLEISIIMM\u00c4IST\u00c4 SELAIMISTA<\/strong><br \/><strong>Kromi:<\/strong> http:\/\/support.google.com\/chrome\/answer\/95647?hl=es<br \/><strong>Reuna:<\/strong> https:\/\/support.microsoft.com\/es-es\/microsoft-edge\/eliminar-las-cookies-en-microsoft-edge-63947406-40ac-c3b8-57b9-2a946a29ae09<br \/><strong>Tutkimusmatkailija:<\/strong> https:\/\/support.microsoft.com\/es-es\/help\/278835\/how-to-delete-cookie-files-in-internet-explorer<br \/><strong>Firefox:<\/strong> https:\/\/www.mozilla.org\/es-ES\/privacy\/websites\/#cookies<br \/><strong>Safari:<\/strong> https:\/\/support.apple.com\/es-es\/guide\/safari\/sfri11471\/mac<br \/><strong>Ooppera:<\/strong> https:\/\/help.opera.com\/en\/latest\/security-and-privacy\/#clearBrowsingData<\/p>\t\t\t\t\t\t\t\t<\/div>\n\t\t\t\t<\/div>\n\t\t\t\t\t<\/div>\n\t\t\t\t<\/div>\n\t\t\t\t<\/div>","protected":false},"excerpt":{"rendered":"<p>COOKIES POLICY INFORMATION ABOUT COOKIESIn accordance with Law 34\/2002, of July 11, 2002, on information society services and electronic commerce (LSSI), in relation to Regulation (EU) 2016\/679 of the European Parliament and of the Council, of April 27, 2016, General Data Protection Regulation (GDPR) and Organic Law 3\/2018, of December 5, 2018, on Data Protection [&hellip;]<\/p>","protected":false},"author":2,"featured_media":0,"parent":0,"menu_order":0,"comment_status":"closed","ping_status":"closed","template":"","meta":{"footnotes":""},"class_list":["post-333","page","type-page","status-publish","hentry"],"_links":{"self":[{"href":"https:\/\/quomowines.com\/fi\/wp-json\/wp\/v2\/pages\/333","targetHints":{"allow":["GET"]}}],"collection":[{"href":"https:\/\/quomowines.com\/fi\/wp-json\/wp\/v2\/pages"}],"about":[{"href":"https:\/\/quomowines.com\/fi\/wp-json\/wp\/v2\/types\/page"}],"author":[{"embeddable":true,"href":"https:\/\/quomowines.com\/fi\/wp-json\/wp\/v2\/users\/2"}],"replies":[{"embeddable":true,"href":"https:\/\/quomowines.com\/fi\/wp-json\/wp\/v2\/comments?post=333"}],"version-history":[{"count":8,"href":"https:\/\/quomowines.com\/fi\/wp-json\/wp\/v2\/pages\/333\/revisions"}],"predecessor-version":[{"id":511,"href":"https:\/\/quomowines.com\/fi\/wp-json\/wp\/v2\/pages\/333\/revisions\/511"}],"wp:attachment":[{"href":"https:\/\/quomowines.com\/fi\/wp-json\/wp\/v2\/media?parent=333"}],"curies":[{"name":"wp","href":"https:\/\/api.w.org\/{rel}","templated":true}]}}