{"id":474,"date":"2024-11-27T10:17:05","date_gmt":"2024-11-27T10:17:05","guid":{"rendered":"https:\/\/quomowines.com\/?page_id=474"},"modified":"2024-11-27T15:19:13","modified_gmt":"2024-11-27T15:19:13","slug":"legal-advice-2","status":"publish","type":"page","link":"https:\/\/quomowines.com\/fi\/legal-advice-2\/","title":{"rendered":"Oikeudellinen neuvonta"},"content":{"rendered":"<div data-elementor-type=\"wp-page\" data-elementor-id=\"474\" class=\"elementor elementor-474\" data-elementor-post-type=\"page\">\n\t\t\t\t<div class=\"elementor-element elementor-element-61ed05d e-flex e-con-boxed e-con e-parent\" data-id=\"61ed05d\" data-element_type=\"container\" data-e-type=\"container\" data-settings=\"{&quot;background_background&quot;:&quot;classic&quot;}\">\n\t\t\t\t\t<div class=\"e-con-inner\">\n\t\t\t\t<div class=\"elementor-element elementor-element-bcf4219 elementor-widget elementor-widget-text-editor\" data-id=\"bcf4219\" data-element_type=\"widget\" data-e-type=\"widget\" data-widget_type=\"text-editor.default\">\n\t\t\t\t<div class=\"elementor-widget-container\">\n\t\t\t\t\t\t\t\t\t<p><strong>OIKEUDELLINEN NEUVONTA<\/strong><\/p><p><span style=\"font-family: var( --e-global-typography-text-font-family ), Sans-serif; font-size: var( --e-global-typography-text-font-size ); text-align: var(--text-align);\">MAAILMANLAAJUISET VIINIKUMPPANIT. Sivustosta vastaava SL, j\u00e4ljemp\u00e4n\u00e4 VASTUULLINEN, asettaa t\u00e4m\u00e4n asiakirjan k\u00e4ytt\u00e4jien saataville, ja se aikoo panna t\u00e4yt\u00e4nt\u00f6\u00f6n 11. hein\u00e4kuuta annetussa laissa 34\/2002, Tietoyhteiskunnan ja s\u00e4hk\u00f6isen kaupank\u00e4ynnin palvelut (LSSICE), BOE. 166, sek\u00e4 ilmoittaa kaikille verkkosivuston k\u00e4ytt\u00e4jille k\u00e4ytt\u00f6ehdoista.<\/span><\/p><p>Jokainen t\u00e4lle sivustolle k\u00e4ytt\u00e4v\u00e4 henkil\u00f6 ottaa k\u00e4ytt\u00e4j\u00e4n roolin ja sitoutuu noudattamaan ja tarkasti noudattamaan t\u00e4ss\u00e4 esitettyj\u00e4 m\u00e4\u00e4r\u00e4yksi\u00e4 sek\u00e4 kaikkia muita mahdollisesti sovellettavia s\u00e4\u00e4nn\u00f6ksi\u00e4.<\/p><p>GLOBAL WINE PARTNERS.SL varaa oikeuden muuttaa kaikentyyppisi\u00e4 tietoja, jotka saattavat n\u00e4ky\u00e4 verkkosivustolla, ilman velvollisuutta ilmoittaa niist\u00e4 etuk\u00e4teen tai ilmoittaa k\u00e4ytt\u00e4jille n\u00e4ist\u00e4 velvoitteista, koska sen katsotaan olevan riitt\u00e4v\u00e4 julkaiseminen verkkosivustolla azulejowines.com<\/p><p><strong>1. TUNNISTETIEDOT<\/strong><br \/>Verkkotunnus: quomowines.com<br \/>Kaupallinen nimi: Quomo Wines<br \/>Yrityksen nimi: GLOBAL WINE PARTNERS.SL<br \/>Rekister\u00f6ity osoite: Avenida Diagonal 566, 08021 Barcelona<br \/>Puhelin: +34 936 115 198<br \/>S\u00e4hk\u00f6posti: hello@globalwinepartners.com<\/p><p><strong>2. IMMATERIAALI- JA TEOLLISUUSOIKEUDET<\/strong><br \/>Verkkosivusto, mukaan lukien, mutta ei rajoittuen, sen ohjelmointi, muokkaus, kokoaminen ja muut sen toiminnan edellytt\u00e4m\u00e4t elementit, mallit, logot, teksti ja\/tai grafiikka, ovat VASTUUN omaisuutta tai tarvittaessa niill\u00e4 on lisenssi tai nimenomainen valtuutus kirjoittajat. Kaikki verkkosivuston sis\u00e4lt\u00f6 on asianmukaisesti suojattu immateriaali- ja teollisoikeuksia koskevilla m\u00e4\u00e4r\u00e4yksill\u00e4, ja se on rekister\u00f6ity vastaaviin julkisiin rekistereihin.<br \/>Riippumatta siit\u00e4, mihin tarkoitukseen ne on tarkoitettu, t\u00e4ydellinen tai osittainen j\u00e4ljent\u00e4minen, k\u00e4ytt\u00f6, hy\u00f6dynt\u00e4minen, jakelu ja kaupallistaminen edellytt\u00e4\u00e4 joka tapauksessa VASTUULLISEN kirjallista lupaa. Kaikenlaista k\u00e4ytt\u00f6\u00e4, jota ei ole aiemmin hyv\u00e4ksytty, pidet\u00e4\u00e4n tekij\u00e4n immateriaali- tai teollisoikeuksien vakavana loukkauksena.<br \/>VASTUULLINEN ulkopuoliset ja sivustolla mahdollisesti n\u00e4kyv\u00e4t mallit, logot, tekstit ja\/tai grafiikat kuuluvat omistajilleen, jotka ovat vastuussa mahdollisista mahdollisista ristiriitaisuuksista. VASTUUVALTAA nimenomaisesti valtuuttaa kolmannet osapuolet ohjaamaan suoraan verkkosivuston tiettyyn sis\u00e4lt\u00f6\u00f6n ja joka tapauksessa uudelleenohjaamaan Globalwinepartners.comin p\u00e4\u00e4sivustolle.  VASTUULLISUUS tunnustaa omistajiensa hyv\u00e4ksi vastaavat immateriaali- ja teollisoikeudet ilman, ett\u00e4 niiden pelkk\u00e4 maininta tai esiintyminen verkkosivustolla viittaa oikeuksien tai vastuun olemassaoloon, eik\u00e4 VASTUULLISEN tukea, sponsorointia tai suositusta.<br \/>Jos haluat kommentoida mahdollisia immateriaali- tai teollisoikeuksien loukkauksia tai mit\u00e4 tahansa verkkosivuston sis\u00e4lt\u00f6\u00e4, voit tehd\u00e4 sen s\u00e4hk\u00f6postitse gwp@globalwinepartners.com.<\/p><p><strong>3. VAPAUTUS VASTUUSTA<\/strong><br \/><strong>VASTUULLINEN<\/strong> on vapautettu kaikesta vastuusta, joka johtuu sen verkkosivuilla julkaistuista tiedoista, edellytt\u00e4en, ett\u00e4 sill\u00e4 ei ole tosiasiallista tietoa, ett\u00e4 n\u00e4it\u00e4 tietoja on manipuloinut tai lis\u00e4nnyt ulkopuolinen kolmas osapuoli, tai jos se on toiminut ahkerasti poistaakseen tai tehd\u00e4 niihin p\u00e4\u00e4syn mahdottomaksi.<br \/>Ev\u00e4steiden k\u00e4ytt\u00f6:<br \/>T\u00e4m\u00e4 verkkosivusto voi k\u00e4ytt\u00e4\u00e4 teknisi\u00e4 ev\u00e4steit\u00e4 (pieni\u00e4 tietotiedostoja, jotka palvelin l\u00e4hett\u00e4\u00e4 sivulle siirtyv\u00e4n henkil\u00f6n tietokoneelle) suorittamaan tiettyj\u00e4 toimintoja, joita pidet\u00e4\u00e4n v\u00e4ltt\u00e4m\u00e4tt\u00f6min\u00e4 verkon oikean toiminnan ja visualisoinnin kannalta. K\u00e4ytetyt ev\u00e4steet ovat joka tapauksessa v\u00e4liaikaisia, ja niiden ainoana tarkoituksena on tehostaa navigointia ja ne katoavat k\u00e4ytt\u00e4j\u00e4n istunnon lopussa. N\u00e4m\u00e4 ev\u00e4steet eiv\u00e4t miss\u00e4\u00e4n tapauksessa anna henkil\u00f6tietoja, eik\u00e4 niit\u00e4 k\u00e4ytet\u00e4 t\u00e4llaisten tietojen ker\u00e4\u00e4miseen.<br \/>Ev\u00e4steiden k\u00e4yt\u00f6n kautta on my\u00f6s mahdollista, ett\u00e4 palvelin, jolla verkkosivu sijaitsee, tunnistaa k\u00e4ytt\u00e4j\u00e4n k\u00e4ytt\u00e4m\u00e4n selaimen navigoinnin helpottamiseksi, jolloin p\u00e4\u00e4sy on mahdollista esimerkiksi niille k\u00e4ytt\u00e4jille, jotka ovat aiemmin rekister\u00f6ityneet alueille, palveluihin, kampanjat tai kilpailut, jotka on varattu yksinomaan heille ilman, ett\u00e4 heid\u00e4n tarvitsee rekister\u00f6ity\u00e4 joka kerta kun he vierailevat. Niit\u00e4 voidaan k\u00e4ytt\u00e4\u00e4 my\u00f6s mittaamaan yleis\u00f6\u00e4, liikenneparametreja, seuraamaan edistymist\u00e4 ja merkint\u00f6jen m\u00e4\u00e4r\u00e4\u00e4 jne. N\u00e4iss\u00e4 tapauksissa ev\u00e4steet ovat teknisesti v\u00e4ltt\u00e4m\u00e4tt\u00f6mi\u00e4, mutta hy\u00f6dyllisi\u00e4 k\u00e4ytt\u00e4j\u00e4lle. T\u00e4m\u00e4 verkkosivusto ei asenna v\u00e4ltt\u00e4m\u00e4tt\u00f6mi\u00e4 ev\u00e4steit\u00e4 ilman k\u00e4ytt\u00e4j\u00e4n ennakkosuostumusta.<br \/>K\u00e4ytt\u00e4j\u00e4ll\u00e4 on mahdollisuus m\u00e4\u00e4ritt\u00e4\u00e4 selaimensa niin, ett\u00e4 se varoittaa ev\u00e4steiden vastaanottamisesta ja est\u00e4\u00e4 niiden asentamisen tietokoneelleen. Katso lis\u00e4tietoja selaimesi ohjeista.<br \/>Linkkik\u00e4yt\u00e4nt\u00f6:<br \/>Sivustolta sinut voidaan ohjata kolmansien osapuolien verkkosivustojen sis\u00e4lt\u00f6\u00f6n. Koska VASTUULLINEN ei aina voi hallita kolmansien osapuolten omille verkkosivustoilleen julkaisemaa sis\u00e4lt\u00f6\u00e4, se ei ota mit\u00e4\u00e4n vastuuta t\u00e4st\u00e4 sis\u00e4ll\u00f6st\u00e4. Joka tapauksessa se poistaa v\u00e4litt\u00f6m\u00e4sti kaiken sis\u00e4ll\u00f6n, joka saattaa loukata kansallista tai kansainv\u00e4list\u00e4 lakia, moraalia tai yleist\u00e4 j\u00e4rjestyst\u00e4, poistaa v\u00e4litt\u00f6m\u00e4sti uudelleenohjauksen t\u00e4lle verkkosivustolle ja ilmoittaa toimivaltaisille viranomaisille kyseisest\u00e4 sis\u00e4ll\u00f6st\u00e4.<br \/>VASTUULLINEN ei ole vastuussa tallennetusta tiedosta ja sis\u00e4ll\u00f6st\u00e4, mukaan lukien, mutta ei rajoittuen, foorumit, chatit, blogien luojat, kommentit, sosiaaliset verkostot tai muut keinot, jotka sallivat kolmansien osapuolien julkaista sis\u00e4lt\u00f6\u00e4 itsen\u00e4isesti VASTUUN verkkosivuilla. LSSICE:n 11 ja 16 artiklan m\u00e4\u00e4r\u00e4ysten mukaisesti se on kuitenkin kaikkien k\u00e4ytt\u00e4jien, viranomaisten ja turvallisuusjoukkojen k\u00e4ytett\u00e4viss\u00e4 aktiiviseen yhteisty\u00f6h\u00f6n kaiken sellaisen sis\u00e4ll\u00f6n poistamisessa tai tarvittaessa est\u00e4misess\u00e4, joka saattaa vaikuttaa kansalliseen tai kansainv\u00e4liseen tai rikkoa sit\u00e4. lakia, kolmansien oikeuksia tai moraalia ja yleist\u00e4 j\u00e4rjestyst\u00e4. Mik\u00e4li k\u00e4ytt\u00e4j\u00e4 katsoo, ett\u00e4 sivusto sis\u00e4lt\u00e4\u00e4 materiaalia, joka saattaa olla altista t\u00e4lle luokitukselle, ilmoita siit\u00e4 v\u00e4litt\u00f6m\u00e4sti sivuston yll\u00e4pit\u00e4j\u00e4lle.<br \/>T\u00e4m\u00e4 sivusto on tarkastettu ja testattu sen varmistamiseksi, ett\u00e4 se toimii oikein. Periaatteessa sen toiminta voidaan taata 365 p\u00e4iv\u00e4\u00e4 vuodessa, 24 tuntia vuorokaudessa. VASTUULLISUUS ei kuitenkaan sulje pois mahdollisuutta ohjelmointivirheisiin tai ylivoimaiseen esteeseen, luonnonkatastrofeihin, lakoihin tai vastaaviin olosuhteisiin, jotka tekev\u00e4t verkkosivustolle p\u00e4\u00e4syn mahdottomaksi.<\/p><p>IP-osoitteet:<br \/>Web-sivuston palvelimet pystyv\u00e4t tunnistamaan automaattisesti k\u00e4ytt\u00e4j\u00e4n k\u00e4ytt\u00e4m\u00e4n IP-osoitteen ja verkkotunnuksen. IP-osoite on numero, joka annetaan tietokoneelle automaattisesti heti, kun se muodostaa yhteyden Internetiin. Kaikki n\u00e4m\u00e4 tiedot tallennetaan palvelimen toimintatiedostoon, joka mahdollistaa tietojen jatkok\u00e4sittelyn puhtaasti tilastollisten mittausten saamiseksi sivun n\u00e4ytt\u00f6kertojen m\u00e4\u00e4r\u00e4n, verkkopalvelimilla tehtyjen k\u00e4yntien m\u00e4\u00e4r\u00e4n, k\u00e4yntien j\u00e4rjestyksen ja yhteyspisteen m\u00e4\u00e4ritt\u00e4miseksi. jne.<\/p><p><strong>4. SOVELLETTAVA LAKI JA TOIMINTAALA<\/strong><br \/>Kaikkien t\u00e4t\u00e4 verkkosivustoa tai suoritettavia toimintoja koskevien riitojen tai kysymysten ratkaisemiseen sovelletaan Espanjan lakia, johon osapuolet nimenomaisesti suostuvat ja jolla on riitt\u00e4v\u00e4 toimivalta ratkaista kaikki sivustosta johtuvat tai liittyv\u00e4t riidat. Barcelonan kotipaikan tai velvoitteen t\u00e4ytt\u00e4mispaikan tuomioistuimet ja tuomioistuimet k\u00e4ytt\u00e4v\u00e4t.<\/p>\t\t\t\t\t\t\t\t<\/div>\n\t\t\t\t<\/div>\n\t\t\t\t\t<\/div>\n\t\t\t\t<\/div>\n\t\t\t\t<\/div>","protected":false},"excerpt":{"rendered":"<p>LEGAL ADVICE GLOBAL WINE PARTNERS. S.L., responsible for the website, hereinafter the RESPONSIBLE, makes this document available to users, with which it intends to enforce the obligations established by Law 34\/2002, of July 11, Services of the Information Society and Electronic Commerce (LSSICE), BOE No. 166, as well as inform all users of the website [&hellip;]<\/p>","protected":false},"author":2,"featured_media":0,"parent":0,"menu_order":0,"comment_status":"closed","ping_status":"closed","template":"","meta":{"footnotes":""},"class_list":["post-474","page","type-page","status-publish","hentry"],"_links":{"self":[{"href":"https:\/\/quomowines.com\/fi\/wp-json\/wp\/v2\/pages\/474","targetHints":{"allow":["GET"]}}],"collection":[{"href":"https:\/\/quomowines.com\/fi\/wp-json\/wp\/v2\/pages"}],"about":[{"href":"https:\/\/quomowines.com\/fi\/wp-json\/wp\/v2\/types\/page"}],"author":[{"embeddable":true,"href":"https:\/\/quomowines.com\/fi\/wp-json\/wp\/v2\/users\/2"}],"replies":[{"embeddable":true,"href":"https:\/\/quomowines.com\/fi\/wp-json\/wp\/v2\/comments?post=474"}],"version-history":[{"count":10,"href":"https:\/\/quomowines.com\/fi\/wp-json\/wp\/v2\/pages\/474\/revisions"}],"predecessor-version":[{"id":508,"href":"https:\/\/quomowines.com\/fi\/wp-json\/wp\/v2\/pages\/474\/revisions\/508"}],"wp:attachment":[{"href":"https:\/\/quomowines.com\/fi\/wp-json\/wp\/v2\/media?parent=474"}],"curies":[{"name":"wp","href":"https:\/\/api.w.org\/{rel}","templated":true}]}}