{"id":479,"date":"2024-11-27T10:21:09","date_gmt":"2024-11-27T10:21:09","guid":{"rendered":"https:\/\/quomowines.com\/?page_id=479"},"modified":"2024-11-27T15:20:19","modified_gmt":"2024-11-27T15:20:19","slug":"privacy-policy-3","status":"publish","type":"page","link":"https:\/\/quomowines.com\/fi\/privacy-policy-3\/","title":{"rendered":"Tietosuojak\u00e4yt\u00e4nt\u00f6"},"content":{"rendered":"<div data-elementor-type=\"wp-page\" data-elementor-id=\"479\" class=\"elementor elementor-479\" data-elementor-post-type=\"page\">\n\t\t\t\t<div class=\"elementor-element elementor-element-71a30e1 e-flex e-con-boxed e-con e-parent\" data-id=\"71a30e1\" data-element_type=\"container\" data-e-type=\"container\" data-settings=\"{&quot;background_background&quot;:&quot;classic&quot;}\">\n\t\t\t\t\t<div class=\"e-con-inner\">\n\t\t\t\t<div class=\"elementor-element elementor-element-1fa32af elementor-widget elementor-widget-text-editor\" data-id=\"1fa32af\" data-element_type=\"widget\" data-e-type=\"widget\" data-widget_type=\"text-editor.default\">\n\t\t\t\t<div class=\"elementor-widget-container\">\n\t\t\t\t\t\t\t\t\t<p><strong>TIETOSUOJAK\u00c4YTT\u00d6<\/strong><\/p><p><strong>1. TIETOJA K\u00c4YTT\u00c4J\u00c4LLE:<\/strong><br \/>Kuka on vastuussa henkil\u00f6tietojesi k\u00e4sittelyst\u00e4?<br \/>GLOBAL WINE PARTNERS SL VASTUU K\u00c4YTT\u00c4J\u00c4N henkil\u00f6tietojen k\u00e4sittelyst\u00e4 ja ilmoittaa, ett\u00e4 n\u00e4it\u00e4 tietoja k\u00e4sitell\u00e4\u00e4n 27. huhtikuuta annetun asetuksen (EU) 2016\/679 (GDPR) ja orgaanisen lain 3\/ mukaisesti. 2018, 5. joulukuuta (LOPDGDD).<br \/>Miksi k\u00e4sittelemme henkil\u00f6tietojasi?<br \/>Liikesuhteen yll\u00e4pit\u00e4minen k\u00e4ytt\u00e4j\u00e4n kanssa. Hoidon suorittamiseen suunnitellut toimenpiteet ovat:<br \/>\u2013 kaupallisen mainosviestinn\u00e4n l\u00e4hett\u00e4minen s\u00e4hk\u00f6postitse, faksilla, tekstiviestill\u00e4, multimediaviestill\u00e4, sosiaalisten verkostojen kautta tai mill\u00e4 tahansa muulla nykyisell\u00e4 tai tulevalla s\u00e4hk\u00f6isell\u00e4 tai fyysisell\u00e4 tavalla, joka mahdollistaa kaupallisen viestinn\u00e4n. N\u00e4m\u00e4 viestint\u00e4 tapahtuu VASTUUN kautta ja liittyv\u00e4t sen tuotteisiin ja palveluihin tai sen yhteisty\u00f6kumppaneisiin tai toimittajiin, joiden kanssa se on tehnyt myynninedist\u00e4missopimuksen. T\u00e4ss\u00e4 tapauksessa kolmannet osapuolet eiv\u00e4t koskaan p\u00e4\u00e4se k\u00e4siksi henkil\u00f6tietoihin.<br \/>\u2013 Markkinatutkimusten ja tilastoanalyysien tekeminen.<br \/>\u2013 K\u00e4sitell\u00e4 pyynt\u00f6jen tilauksia, vastata kyselyihin tai mink\u00e4 tahansa tyyppisiin pyynt\u00f6ihin, jotka K\u00c4YTT\u00c4J\u00c4 on tehnyt mink\u00e4 tahansa VASTUULLISEN verkkosivustolla olevan yhteydenottotavan kautta.<br \/>\u2013 L\u00e4het\u00e4 online-uutiskirje toimintamme uutisista, tarjouksista ja kampanjoista.<br \/>Miksi voimme k\u00e4sitell\u00e4 henkil\u00f6tietojasi?<br \/>Koska k\u00e4sittely on oikeutettu GDPR:n artiklalla 6 seuraavasti:<br \/>\u2013 K\u00c4YTT\u00c4J\u00c4N suostumuksella: kaupallisen viestinn\u00e4n ja uutiskirjeen l\u00e4hett\u00e4minen.<br \/>\u2013 YHDIST\u00c4J\u00c4N oikeutetun edun vuoksi: markkinatutkimuksen, tilastollisen analyysin jne. tekeminen ja tilausten, pyynt\u00f6jen jne. k\u00e4sittely K\u00c4YTT\u00c4J\u00c4N pyynn\u00f6st\u00e4.<br \/>Kuinka kauan s\u00e4ilyt\u00e4mme henkil\u00f6tietojasi?<br \/>Niit\u00e4 s\u00e4ilytet\u00e4\u00e4n vain niin kauan kuin on tarpeen k\u00e4sittelyn tarkoituksen s\u00e4ilytt\u00e4miseksi tai niin kauan kuin on olemassa lain m\u00e4\u00e4r\u00e4yksi\u00e4, jotka m\u00e4\u00e4r\u00e4\u00e4v\u00e4t niiden s\u00e4ilytt\u00e4misen, ja kun se ei ole en\u00e4\u00e4 tarpeen t\u00e4h\u00e4n tarkoitukseen, ne poistetaan asianmukaisin turvatoimin anonymisoinnin varmistamiseksi. tiedoista tai niiden t\u00e4ydellisest\u00e4 tuhoamisesta. Kenelle annamme henkil\u00f6tietojasi? Henkil\u00f6tietoja ei luovuteta kolmansille osapuolille paitsi, jos se on tarpeen k\u00e4sittelyn tarkoitusten kehitt\u00e4miseksi ja toteuttamiseksi, viestint\u00e4\u00e4n liittyville palveluntarjoajillemme, joiden kanssa VASTUULLINEN on virallistanut tietosuojan edellytt\u00e4m\u00e4t luottamuksellisuus- ja tietojenk\u00e4sittelysopimukset. voimassa olevat m\u00e4\u00e4r\u00e4ykset.<\/p><p>Mitk\u00e4 ovat oikeutesi?<br \/>K\u00c4YTT\u00c4J\u00c4N oikeudet ovat:<br \/>\u2013 Oikeus peruuttaa suostumus milloin tahansa.<br \/>\u2013 Oikeus saada tietojasi, oikaista, siirt\u00e4\u00e4 ja poistaa tietojasi sek\u00e4 rajoittaa tai vastustaa niiden k\u00e4sittely\u00e4.<br \/>\u2013 Oikeus tehd\u00e4 valitus valvontaviranomaiselle (www.aepd.es), jos katsot, ett\u00e4 hoito ei ole voimassa olevien m\u00e4\u00e4r\u00e4ysten mukainen.<br \/>Yhteystiedot oikeuksien k\u00e4ytt\u00e4miseksi:<br \/>GLOBAL WINE PARTNERS SL, Avinguda Diagonal 566, 08021 Barcelona S\u00e4hk\u00f6posti: hello@globalwinepartners.com<\/p><p><strong>2. K\u00c4YTT\u00c4J\u00c4N TOIMITTAMIEN TIETOJEN PAKOLLINEN TAI VALINNAINEN LUONNE:<\/strong><br \/>K\u00c4YTT\u00c4J\u00c4T hyv\u00e4ksyv\u00e4t vastaavien ruutujen ja tietojen lis\u00e4\u00e4misen yhteydenottolomakkeessa t\u00e4hdell\u00e4 (*) merkittyihin tai latauslomakkeissa esitettyihin kenttiin nimenomaisesti, vapaasti ja yksiselitteisesti, ett\u00e4 heid\u00e4n tietonsa ovat tarpeen huomion saamiseksi. lainanantajan pyynn\u00f6st\u00e4, ja siksi tietojen sis\u00e4llytt\u00e4minen muihin kenttiin on vapaaehtoista. K\u00c4YTT\u00c4J\u00c4 takaa, ett\u00e4 VASTUULLISELLE annetut henkil\u00f6tiedot ovat totta ja on vastuussa mahdollisista muutoksista ilmoittamisesta. VASTUULLISUUS ilmoittaa, ett\u00e4 kaikki verkkosivuston kautta pyydetyt tiedot ovat pakollisia, koska ne ovat v\u00e4ltt\u00e4m\u00e4tt\u00f6mi\u00e4 optimaalisen palvelun tarjoamiseksi K\u00c4YTT\u00c4J\u00c4LLE. Jos kaikkia tietoja ei anneta, ei ole takeita siit\u00e4, ett\u00e4 tarjotut tiedot ja palvelut vastaavat t\u00e4ysin tarpeitasi.<\/p><p><strong>3. TURVATOIMENPITEET<\/strong><br \/>Ett\u00e4 VASTUULLISUUS noudattaa voimassa olevien henkil\u00f6tietojen suojaa koskevien m\u00e4\u00e4r\u00e4ysten mukaisesti kaikkia GDPR- ja LOPDGDD-asetusten s\u00e4\u00e4nn\u00f6ksi\u00e4 vastuullaan olevien henkil\u00f6tietojen k\u00e4sittelyst\u00e4 ja selv\u00e4sti GDPR:n artiklassa 5 kuvattuja periaatteita. , jolloin niit\u00e4 k\u00e4sitell\u00e4\u00e4n laillisesti, oikeudenmukaisesti ja avoimesti suhteessa rekister\u00f6ityyn ja riitt\u00e4v\u00e4t, merkitykselliset ja rajoitetut siihen, mik\u00e4 on tarpeen niihin tarkoituksiin, joita varten niit\u00e4 k\u00e4sitell\u00e4\u00e4n.<br \/>VASTUULLINEN takaa, ett\u00e4 se on toteuttanut asianmukaiset tekniset ja organisatoriset k\u00e4yt\u00e4nn\u00f6t GDPR:n ja LOPDGDD:n vahvistamien turvatoimien soveltamiseksi K\u00c4YTT\u00c4JIEN oikeuksien ja vapauksien suojelemiseksi ja on toimittanut heille riitt\u00e4v\u00e4t tiedot, jotta he voivat k\u00e4ytt\u00e4\u00e4 niit\u00e4.<br \/>Lis\u00e4tietoja tietosuojatakuista saat ottamalla yhteytt\u00e4 VASTUULLiseen s\u00e4hk\u00f6postitse: hello@globalwinepartners.com<\/p>\t\t\t\t\t\t\t\t<\/div>\n\t\t\t\t<\/div>\n\t\t\t\t\t<\/div>\n\t\t\t\t<\/div>\n\t\t\t\t<\/div>","protected":false},"excerpt":{"rendered":"<p>PRIVACY POLICY 1. INFORMATION FOR THE USER:Who is responsible for the processing of your personal data?GLOBAL WINE PARTNERS S.L. is RESPONSIBLE for the processing of the USER&#8217;s personal data and informs you that this data will be processed in accordance with the provisions of Regulation (EU) 2016\/679, of 27 April (GDPR), and the Organic Law [&hellip;]<\/p>","protected":false},"author":2,"featured_media":0,"parent":0,"menu_order":0,"comment_status":"closed","ping_status":"closed","template":"","meta":{"footnotes":""},"class_list":["post-479","page","type-page","status-publish","hentry"],"_links":{"self":[{"href":"https:\/\/quomowines.com\/fi\/wp-json\/wp\/v2\/pages\/479","targetHints":{"allow":["GET"]}}],"collection":[{"href":"https:\/\/quomowines.com\/fi\/wp-json\/wp\/v2\/pages"}],"about":[{"href":"https:\/\/quomowines.com\/fi\/wp-json\/wp\/v2\/types\/page"}],"author":[{"embeddable":true,"href":"https:\/\/quomowines.com\/fi\/wp-json\/wp\/v2\/users\/2"}],"replies":[{"embeddable":true,"href":"https:\/\/quomowines.com\/fi\/wp-json\/wp\/v2\/comments?post=479"}],"version-history":[{"count":13,"href":"https:\/\/quomowines.com\/fi\/wp-json\/wp\/v2\/pages\/479\/revisions"}],"predecessor-version":[{"id":514,"href":"https:\/\/quomowines.com\/fi\/wp-json\/wp\/v2\/pages\/479\/revisions\/514"}],"wp:attachment":[{"href":"https:\/\/quomowines.com\/fi\/wp-json\/wp\/v2\/media?parent=479"}],"curies":[{"name":"wp","href":"https:\/\/api.w.org\/{rel}","templated":true}]}}